{"id":2021,"date":"2022-05-31T12:57:29","date_gmt":"2022-05-31T15:57:29","guid":{"rendered":"https:\/\/atomylatino.info\/?page_id=2021"},"modified":"2022-05-31T13:31:15","modified_gmt":"2022-05-31T16:31:15","slug":"inscripcion-gratuita-atomy-brasil","status":"publish","type":"page","link":"https:\/\/atomylatino.info\/es_mx\/inscripcion-gratuita-atomy-brasil\/","title":{"rendered":"Inscripci\u00f3n Gratuita Atomy Brasil"},"content":{"rendered":"\t\t<div data-elementor-type=\"wp-page\" data-elementor-id=\"2021\" class=\"elementor elementor-2021\" data-elementor-post-type=\"page\">\n\t\t\t\t\t\t<section class=\"elementor-section elementor-top-section elementor-element elementor-element-85b4a36 elementor-section-boxed elementor-section-height-default elementor-section-height-default\" data-id=\"85b4a36\" data-element_type=\"section\" data-e-type=\"section\" data-settings=\"{&quot;background_background&quot;:&quot;classic&quot;}\">\n\t\t\t\t\t\t\t<div class=\"elementor-background-overlay\"><\/div>\n\t\t\t\t\t\t\t<div class=\"elementor-container elementor-column-gap-default\">\n\t\t\t\t\t<div class=\"elementor-column elementor-col-100 elementor-top-column elementor-element elementor-element-348a5d1\" data-id=\"348a5d1\" data-element_type=\"column\" data-e-type=\"column\">\n\t\t\t<div class=\"elementor-widget-wrap elementor-element-populated\">\n\t\t\t\t\t\t<div class=\"elementor-element elementor-element-0cd3f7c elementor-widget elementor-widget-spacer\" data-id=\"0cd3f7c\" data-element_type=\"widget\" data-e-type=\"widget\" data-widget_type=\"spacer.default\">\n\t\t\t\t<div class=\"elementor-widget-container\">\n\t\t\t\t\t\t\t<div class=\"elementor-spacer\">\n\t\t\t<div class=\"elementor-spacer-inner\"><\/div>\n\t\t<\/div>\n\t\t\t\t\t\t<\/div>\n\t\t\t\t<\/div>\n\t\t\t\t<section class=\"elementor-section elementor-inner-section elementor-element elementor-element-ca4ea8f elementor-section-boxed elementor-section-height-default elementor-section-height-default\" data-id=\"ca4ea8f\" data-element_type=\"section\" data-e-type=\"section\">\n\t\t\t\t\t\t<div class=\"elementor-container elementor-column-gap-default\">\n\t\t\t\t\t<div class=\"elementor-column elementor-col-100 elementor-inner-column elementor-element elementor-element-2f6c63a\" data-id=\"2f6c63a\" data-element_type=\"column\" data-e-type=\"column\">\n\t\t\t<div class=\"elementor-widget-wrap elementor-element-populated\">\n\t\t\t\t\t\t<div class=\"elementor-element elementor-element-5835a17 elementor-widget elementor-widget-heading\" data-id=\"5835a17\" data-element_type=\"widget\" data-e-type=\"widget\" data-widget_type=\"heading.default\">\n\t\t\t\t<div class=\"elementor-widget-container\">\n\t\t\t\t\t<h2 class=\"elementor-heading-title elementor-size-default\">Nunca foi t\u00e3o f\u00e1cil iniciar seu novo neg\u00f3cio, participe preenchendo o formul\u00e1rio TOTALMENTE GRATUITO e seu c\u00f3digo empreendedor ser\u00e1 ativado nas pr\u00f3ximas 24 horas.<\/h2>\t\t\t\t<\/div>\n\t\t\t\t<\/div>\n\t\t\t\t\t<\/div>\n\t\t<\/div>\n\t\t\t\t\t<\/div>\n\t\t<\/section>\n\t\t\t\t<div class=\"elementor-element elementor-element-7148e40 elementor-widget elementor-widget-spacer\" data-id=\"7148e40\" data-element_type=\"widget\" data-e-type=\"widget\" data-widget_type=\"spacer.default\">\n\t\t\t\t<div class=\"elementor-widget-container\">\n\t\t\t\t\t\t\t<div class=\"elementor-spacer\">\n\t\t\t<div class=\"elementor-spacer-inner\"><\/div>\n\t\t<\/div>\n\t\t\t\t\t\t<\/div>\n\t\t\t\t<\/div>\n\t\t\t\t<div class=\"elementor-element elementor-element-5045288 elementor-widget elementor-widget-heading\" data-id=\"5045288\" data-element_type=\"widget\" data-e-type=\"widget\" data-widget_type=\"heading.default\">\n\t\t\t\t<div class=\"elementor-widget-container\">\n\t\t\t\t\t<h2 class=\"elementor-heading-title elementor-size-default\">POR FAVOR, N\u00c3O ESQUE\u00c7A DE RESPONDER O E-MAIL DE VALIDA\u00c7\u00c3O QUE ENVIAREMOS PARA VOC\u00ca!!<\/h2>\t\t\t\t<\/div>\n\t\t\t\t<\/div>\n\t\t\t\t<section class=\"elementor-section elementor-inner-section elementor-element elementor-element-f0453db elementor-section-boxed elementor-section-height-default elementor-section-height-default\" data-id=\"f0453db\" data-element_type=\"section\" data-e-type=\"section\">\n\t\t\t\t\t\t<div class=\"elementor-container elementor-column-gap-default\">\n\t\t\t\t\t<div class=\"elementor-column elementor-col-100 elementor-inner-column elementor-element elementor-element-dd81789\" data-id=\"dd81789\" data-element_type=\"column\" data-e-type=\"column\">\n\t\t\t<div class=\"elementor-widget-wrap elementor-element-populated\">\n\t\t\t\t\t\t<div class=\"elementor-element elementor-element-172b418 elementor-widget elementor-widget-wpforms\" data-id=\"172b418\" data-element_type=\"widget\" data-e-type=\"widget\" data-widget_type=\"wpforms.default\">\n\t\t\t\t<div class=\"elementor-widget-container\">\n\t\t\t\t\t<div class=\"wpforms-container \" id=\"wpforms-2025\"><form id=\"wpforms-form-2025\" class=\"wpforms-validate wpforms-form\" data-formid=\"2025\" method=\"post\" enctype=\"multipart\/form-data\" action=\"\/es_mx\/wp-json\/wp\/v2\/pages\/2021\" data-token=\"7ab15459679c035d1907c17ea3b4dc15\"><noscript class=\"wpforms-error-noscript\">Por favor, activa JavaScript en tu navegador para completar este formulario.<\/noscript><div class=\"wpforms-field-container\"><div id=\"wpforms-2025-field_0-container\" class=\"wpforms-field wpforms-field-name\" data-field-id=\"0\"><label class=\"wpforms-field-label wpforms-label-hide\" for=\"wpforms-2025-field_0\">Name <span class=\"wpforms-required-label\">*<\/span><\/label><div class=\"wpforms-field-row wpforms-field-large\"><div class=\"wpforms-field-row-block wpforms-first wpforms-one-half\"><input type=\"text\" id=\"wpforms-2025-field_0\" class=\"wpforms-field-name-first wpforms-field-required\" name=\"wpforms[fields][0][first]\" placeholder=\"Nomes  \" required><label for=\"wpforms-2025-field_0\" class=\"wpforms-field-sublabel after wpforms-sublabel-hide\">Nombre<\/label><\/div><div class=\"wpforms-field-row-block wpforms-one-half\"><input type=\"text\" id=\"wpforms-2025-field_0-last\" class=\"wpforms-field-name-last wpforms-field-required\" name=\"wpforms[fields][0][last]\" placeholder=\"sobrenomes\" required><label for=\"wpforms-2025-field_0-last\" class=\"wpforms-field-sublabel after wpforms-sublabel-hide\">Apellidos<\/label><\/div><\/div><\/div><div id=\"wpforms-2025-field_5-container\" class=\"wpforms-field wpforms-field-text\" data-field-id=\"5\"><input type=\"text\" id=\"wpforms-2025-field_5\" class=\"wpforms-field-large wpforms-field-required\" name=\"wpforms[fields][5]\" placeholder=\"Data de nascimento\" required><\/div><div id=\"wpforms-2025-field_3-container\" class=\"wpforms-field wpforms-field-text\" data-field-id=\"3\"><label class=\"wpforms-field-label wpforms-label-hide\" for=\"wpforms-2025-field_3\">Phone <span class=\"wpforms-required-label\">*<\/span><\/label><input type=\"text\" id=\"wpforms-2025-field_3\" class=\"wpforms-field-large wpforms-field-required\" name=\"wpforms[fields][3]\" placeholder=\"WhatsApp com o (+) e c\u00f3digo do pa\u00eds\" required><\/div><div id=\"wpforms-2025-field_6-container\" class=\"wpforms-field wpforms-field-text\" data-field-id=\"6\"><input type=\"text\" id=\"wpforms-2025-field_6\" class=\"wpforms-field-large wpforms-field-required\" name=\"wpforms[fields][6]\" placeholder=\"Pa\u00eds onde reside\" required><\/div><div id=\"wpforms-2025-field_7-container\" class=\"wpforms-field wpforms-field-text\" data-field-id=\"7\"><input type=\"text\" id=\"wpforms-2025-field_7\" class=\"wpforms-field-large wpforms-field-required\" name=\"wpforms[fields][7]\" placeholder=\"Endere\u00e7o completo com cidade\" required><\/div><div id=\"wpforms-2025-field_8-container\" class=\"wpforms-field wpforms-field-text\" data-field-id=\"8\"><input type=\"text\" id=\"wpforms-2025-field_8\" class=\"wpforms-field-large wpforms-field-required\" name=\"wpforms[fields][8]\" placeholder=\"Tipo e N\u00famero do Documento de Identifica\u00e7\u00e3o\" required><\/div><div id=\"wpforms-2025-field_1-container\" class=\"wpforms-field wpforms-field-email\" data-field-id=\"1\"><label class=\"wpforms-field-label wpforms-label-hide\" for=\"wpforms-2025-field_1\">Email <span class=\"wpforms-required-label\">*<\/span><\/label><input type=\"email\" id=\"wpforms-2025-field_1\" class=\"wpforms-field-large wpforms-field-required\" name=\"wpforms[fields][1]\" placeholder=\"Correio eletr\u00f4nico\" required><\/div><div id=\"wpforms-2025-field_9-container\" class=\"wpforms-field wpforms-field-name\" data-field-id=\"9\"><label class=\"wpforms-field-label\" for=\"wpforms-2025-field_9\">Nome do Patrocinador que apresentou ATOMY<\/label><div class=\"wpforms-field-row wpforms-field-large\"><div class=\"wpforms-field-row-block wpforms-first wpforms-one-half\"><input type=\"text\" id=\"wpforms-2025-field_9\" class=\"wpforms-field-name-first\" name=\"wpforms[fields][9][first]\" placeholder=\"Nome\" ><label for=\"wpforms-2025-field_9\" class=\"wpforms-field-sublabel after wpforms-sublabel-hide\">Nombre<\/label><\/div><div class=\"wpforms-field-row-block wpforms-one-half\"><input type=\"text\" id=\"wpforms-2025-field_9-last\" class=\"wpforms-field-name-last\" name=\"wpforms[fields][9][last]\" placeholder=\"Sobrenome\" ><label for=\"wpforms-2025-field_9-last\" class=\"wpforms-field-sublabel after wpforms-sublabel-hide\">Apellidos<\/label><\/div><\/div><div class=\"wpforms-field-description\">Nome da pessoa que te apresentou ao ATOMY, (deixe o campo em branco se eu cheguei a esta informa\u00e7\u00e3o sozinho)<\/div><\/div><div id=\"wpforms-2025-field_2-container\" class=\"wpforms-field wpforms-field-textarea\" data-field-id=\"2\"><textarea id=\"wpforms-2025-field_2\" class=\"wpforms-field-large\" name=\"wpforms[fields][2]\" placeholder=\"Observa\u00e7\u00f5es\" ><\/textarea><\/div><div id=\"wpforms-2025-field_10-container\" class=\"wpforms-field wpforms-field-html\" data-field-id=\"10\"><div id=\"wpforms-2025-field_10\"><\/p>\r\n    <label>\r\n        <input name=\"AGREE_TO_TERMS\" type=\"checkbox\" value=\"1\" required=\"\"> <a href=\"https:\/\/atomylatino.info\/privacy-policy\/\" target=\"_blank\">Li e aceito os termos e condi\u00e7\u00f5es<\/a>\r\n    <\/label>\r\n<\/p>\r\nRespeitamos suas Leis de Privacidade e Gerenciamento de Dados, portanto, n\u00e3o compartilhamos suas informa\u00e7\u00f5es.<\/div><\/div><\/div><div class=\"wpforms-field wpforms-field-hp\"><label for=\"wpforms-2025-field-hp\" class=\"wpforms-field-label\">Email<\/label><input type=\"text\" name=\"wpforms[hp]\" id=\"wpforms-2025-field-hp\" class=\"wpforms-field-medium\"><\/div><div class=\"wpforms-recaptcha-container wpforms-is-recaptcha\"><div class=\"g-recaptcha\" data-sitekey=\"6LerwXApAAAAAAreNJrHFn62Ctt7wlrJR3F60Izr\"><\/div><input type=\"text\" name=\"g-recaptcha-hidden\" class=\"wpforms-recaptcha-hidden\" style=\"position:absolute!important;clip:rect(0,0,0,0)!important;height:1px!important;width:1px!important;border:0!important;overflow:hidden!important;padding:0!important;margin:0!important;\" required><\/div><div class=\"wpforms-submit-container\"><input type=\"hidden\" name=\"wpforms[id]\" value=\"2025\"><input type=\"hidden\" name=\"wpforms[author]\" value=\"1\"><button type=\"submit\" name=\"wpforms[submit]\" id=\"wpforms-submit-2025\" class=\"wpforms-submit\" data-alt-text=\"Sending...\" data-submit-text=\"Mandar\" aria-live=\"assertive\" value=\"wpforms-submit\">Mandar<\/button><\/div><\/form><\/div>  <!-- .wpforms-container -->\t\t\t\t<\/div>\n\t\t\t\t<\/div>\n\t\t\t\t\t<\/div>\n\t\t<\/div>\n\t\t\t\t\t<\/div>\n\t\t<\/section>\n\t\t\t\t\t<\/div>\n\t\t<\/div>\n\t\t\t\t\t<\/div>\n\t\t<\/section>\n\t\t\t\t<\/div>\n\t\t","protected":false},"excerpt":{"rendered":"<p>Nunca foi t\u00e3o f\u00e1cil iniciar seu novo neg\u00f3cio, participe preenchendo o formul\u00e1rio TOTALMENTE GRATUITO e seu c\u00f3digo empreendedor ser\u00e1 ativado nas pr\u00f3ximas 24 horas. POR FAVOR, N\u00c3O ESQUE\u00c7A DE RESPONDER O E-MAIL DE VALIDA\u00c7\u00c3O QUE ENVIAREMOS PARA VOC\u00ca!!<\/p>","protected":false},"author":1,"featured_media":0,"parent":0,"menu_order":0,"comment_status":"closed","ping_status":"closed","template":"elementor_canvas","meta":{"_acf_changed":false,"site-sidebar-layout":"no-sidebar","site-content-layout":"page-builder","ast-site-content-layout":"default","site-content-style":"default","site-sidebar-style":"default","ast-global-header-display":"","ast-banner-title-visibility":"","ast-main-header-display":"","ast-hfb-above-header-display":"","ast-hfb-below-header-display":"","ast-hfb-mobile-header-display":"","site-post-title":"disabled","ast-breadcrumbs-content":"","ast-featured-img":"disabled","footer-sml-layout":"","ast-disable-related-posts":"","theme-transparent-header-meta":"","adv-header-id-meta":"","stick-header-meta":"","header-above-stick-meta":"","header-main-stick-meta":"","header-below-stick-meta":"","astra-migrate-meta-layouts":"default","ast-page-background-enabled":"default","ast-page-background-meta":{"desktop":{"background-color":"","background-image":"","background-repeat":"repeat","background-position":"center center","background-size":"auto","background-attachment":"scroll","background-type":"","background-media":"","overlay-type":"","overlay-color":"","overlay-opacity":"","overlay-gradient":""},"tablet":{"background-color":"","background-image":"","background-repeat":"repeat","background-position":"center center","background-size":"auto","background-attachment":"scroll","background-type":"","background-media":"","overlay-type":"","overlay-color":"","overlay-opacity":"","overlay-gradient":""},"mobile":{"background-color":"","background-image":"","background-repeat":"repeat","background-position":"center center","background-size":"auto","background-attachment":"scroll","background-type":"","background-media":"","overlay-type":"","overlay-color":"","overlay-opacity":"","overlay-gradient":""}},"ast-content-background-meta":{"desktop":{"background-color":"var(--ast-global-color-5)","background-image":"","background-repeat":"repeat","background-position":"center center","background-size":"auto","background-attachment":"scroll","background-type":"","background-media":"","overlay-type":"","overlay-color":"","overlay-opacity":"","overlay-gradient":""},"tablet":{"background-color":"var(--ast-global-color-5)","background-image":"","background-repeat":"repeat","background-position":"center center","background-size":"auto","background-attachment":"scroll","background-type":"","background-media":"","overlay-type":"","overlay-color":"","overlay-opacity":"","overlay-gradient":""},"mobile":{"background-color":"var(--ast-global-color-5)","background-image":"","background-repeat":"repeat","background-position":"center center","background-size":"auto","background-attachment":"scroll","background-type":"","background-media":"","overlay-type":"","overlay-color":"","overlay-opacity":"","overlay-gradient":""}},"footnotes":""},"class_list":["post-2021","page","type-page","status-publish","hentry"],"acf":[],"yoast_head":"<!-- This site is optimized with the Yoast SEO plugin v27.2 - https:\/\/yoast.com\/product\/yoast-seo-wordpress\/ -->\n<title>Inscripci\u00f3n Gratuita Atomy Brasil - Atomy Latinos<\/title>\n<meta name=\"robots\" content=\"index, follow, max-snippet:-1, max-image-preview:large, max-video-preview:-1\" \/>\n<link rel=\"canonical\" href=\"https:\/\/atomylatino.info\/es_mx\/inscripcion-gratuita-atomy-brasil\/\" \/>\n<meta property=\"og:locale\" content=\"es_MX\" \/>\n<meta property=\"og:type\" content=\"article\" \/>\n<meta property=\"og:title\" content=\"Inscripci\u00f3n Gratuita Atomy Brasil - Atomy Latinos\" \/>\n<meta property=\"og:description\" content=\"Nunca foi t\u00e3o f\u00e1cil iniciar seu novo neg\u00f3cio, participe preenchendo o formul\u00e1rio TOTALMENTE GRATUITO e seu c\u00f3digo empreendedor ser\u00e1 ativado nas pr\u00f3ximas 24 horas. POR FAVOR, N\u00c3O ESQUE\u00c7A DE RESPONDER O E-MAIL DE VALIDA\u00c7\u00c3O QUE ENVIAREMOS PARA VOC\u00ca!!\" \/>\n<meta property=\"og:url\" content=\"https:\/\/atomylatino.info\/es_mx\/inscripcion-gratuita-atomy-brasil\/\" \/>\n<meta property=\"og:site_name\" content=\"Atomy Latinos\" \/>\n<meta property=\"article:modified_time\" content=\"2022-05-31T16:31:15+00:00\" \/>\n<meta name=\"twitter:card\" content=\"summary_large_image\" \/>\n<meta name=\"twitter:label1\" content=\"Tiempo de lectura\" \/>\n\t<meta name=\"twitter:data1\" content=\"1 minuto\" \/>\n<script type=\"application\/ld+json\" class=\"yoast-schema-graph\">{\"@context\":\"https:\/\/schema.org\",\"@graph\":[{\"@type\":\"WebPage\",\"@id\":\"https:\/\/atomylatino.info\/inscripcion-gratuita-atomy-brasil\/\",\"url\":\"https:\/\/atomylatino.info\/inscripcion-gratuita-atomy-brasil\/\",\"name\":\"Inscripci\u00f3n Gratuita Atomy Brasil - Atomy Latinos\",\"isPartOf\":{\"@id\":\"https:\/\/atomylatino.info\/#website\"},\"datePublished\":\"2022-05-31T15:57:29+00:00\",\"dateModified\":\"2022-05-31T16:31:15+00:00\",\"breadcrumb\":{\"@id\":\"https:\/\/atomylatino.info\/inscripcion-gratuita-atomy-brasil\/#breadcrumb\"},\"inLanguage\":\"es\",\"potentialAction\":[{\"@type\":\"ReadAction\",\"target\":[\"https:\/\/atomylatino.info\/inscripcion-gratuita-atomy-brasil\/\"]}]},{\"@type\":\"BreadcrumbList\",\"@id\":\"https:\/\/atomylatino.info\/inscripcion-gratuita-atomy-brasil\/#breadcrumb\",\"itemListElement\":[{\"@type\":\"ListItem\",\"position\":1,\"name\":\"Portada\",\"item\":\"https:\/\/atomylatino.info\/\"},{\"@type\":\"ListItem\",\"position\":2,\"name\":\"Inscripci\u00f3n Gratuita Atomy Brasil\"}]},{\"@type\":\"WebSite\",\"@id\":\"https:\/\/atomylatino.info\/#website\",\"url\":\"https:\/\/atomylatino.info\/\",\"name\":\"Atomy Latinos\",\"description\":\"Imperial Center\",\"publisher\":{\"@id\":\"https:\/\/atomylatino.info\/#organization\"},\"potentialAction\":[{\"@type\":\"SearchAction\",\"target\":{\"@type\":\"EntryPoint\",\"urlTemplate\":\"https:\/\/atomylatino.info\/?s={search_term_string}\"},\"query-input\":{\"@type\":\"PropertyValueSpecification\",\"valueRequired\":true,\"valueName\":\"search_term_string\"}}],\"inLanguage\":\"es\"},{\"@type\":\"Organization\",\"@id\":\"https:\/\/atomylatino.info\/#organization\",\"name\":\"Atomy Latinos\",\"url\":\"https:\/\/atomylatino.info\/\",\"logo\":{\"@type\":\"ImageObject\",\"inLanguage\":\"es\",\"@id\":\"https:\/\/atomylatino.info\/#\/schema\/logo\/image\/\",\"url\":\"https:\/\/atomylatino.info\/wp-content\/uploads\/2022\/04\/logo-Atomy-latinos-transp-3-1.png\",\"contentUrl\":\"https:\/\/atomylatino.info\/wp-content\/uploads\/2022\/04\/logo-Atomy-latinos-transp-3-1.png\",\"width\":648,\"height\":719,\"caption\":\"Atomy Latinos\"},\"image\":{\"@id\":\"https:\/\/atomylatino.info\/#\/schema\/logo\/image\/\"}}]}<\/script>\n<!-- \/ Yoast SEO plugin. -->","yoast_head_json":{"title":"Inscripci\u00f3n Gratuita Atomy Brasil - Atomy Latinos","robots":{"index":"index","follow":"follow","max-snippet":"max-snippet:-1","max-image-preview":"max-image-preview:large","max-video-preview":"max-video-preview:-1"},"canonical":"https:\/\/atomylatino.info\/es_mx\/inscripcion-gratuita-atomy-brasil\/","og_locale":"es_MX","og_type":"article","og_title":"Inscripci\u00f3n Gratuita Atomy Brasil - Atomy Latinos","og_description":"Nunca foi t\u00e3o f\u00e1cil iniciar seu novo neg\u00f3cio, participe preenchendo o formul\u00e1rio TOTALMENTE GRATUITO e seu c\u00f3digo empreendedor ser\u00e1 ativado nas pr\u00f3ximas 24 horas. POR FAVOR, N\u00c3O ESQUE\u00c7A DE RESPONDER O E-MAIL DE VALIDA\u00c7\u00c3O QUE ENVIAREMOS PARA VOC\u00ca!!","og_url":"https:\/\/atomylatino.info\/es_mx\/inscripcion-gratuita-atomy-brasil\/","og_site_name":"Atomy Latinos","article_modified_time":"2022-05-31T16:31:15+00:00","twitter_card":"summary_large_image","twitter_misc":{"Tiempo de lectura":"1 minuto"},"schema":{"@context":"https:\/\/schema.org","@graph":[{"@type":"WebPage","@id":"https:\/\/atomylatino.info\/inscripcion-gratuita-atomy-brasil\/","url":"https:\/\/atomylatino.info\/inscripcion-gratuita-atomy-brasil\/","name":"Inscripci\u00f3n Gratuita Atomy Brasil - Atomy Latinos","isPartOf":{"@id":"https:\/\/atomylatino.info\/#website"},"datePublished":"2022-05-31T15:57:29+00:00","dateModified":"2022-05-31T16:31:15+00:00","breadcrumb":{"@id":"https:\/\/atomylatino.info\/inscripcion-gratuita-atomy-brasil\/#breadcrumb"},"inLanguage":"es","potentialAction":[{"@type":"ReadAction","target":["https:\/\/atomylatino.info\/inscripcion-gratuita-atomy-brasil\/"]}]},{"@type":"BreadcrumbList","@id":"https:\/\/atomylatino.info\/inscripcion-gratuita-atomy-brasil\/#breadcrumb","itemListElement":[{"@type":"ListItem","position":1,"name":"Portada","item":"https:\/\/atomylatino.info\/"},{"@type":"ListItem","position":2,"name":"Inscripci\u00f3n Gratuita Atomy Brasil"}]},{"@type":"WebSite","@id":"https:\/\/atomylatino.info\/#website","url":"https:\/\/atomylatino.info\/","name":"Atomy Latinos","description":"Imperial Center","publisher":{"@id":"https:\/\/atomylatino.info\/#organization"},"potentialAction":[{"@type":"SearchAction","target":{"@type":"EntryPoint","urlTemplate":"https:\/\/atomylatino.info\/?s={search_term_string}"},"query-input":{"@type":"PropertyValueSpecification","valueRequired":true,"valueName":"search_term_string"}}],"inLanguage":"es"},{"@type":"Organization","@id":"https:\/\/atomylatino.info\/#organization","name":"Atomy Latinos","url":"https:\/\/atomylatino.info\/","logo":{"@type":"ImageObject","inLanguage":"es","@id":"https:\/\/atomylatino.info\/#\/schema\/logo\/image\/","url":"https:\/\/atomylatino.info\/wp-content\/uploads\/2022\/04\/logo-Atomy-latinos-transp-3-1.png","contentUrl":"https:\/\/atomylatino.info\/wp-content\/uploads\/2022\/04\/logo-Atomy-latinos-transp-3-1.png","width":648,"height":719,"caption":"Atomy Latinos"},"image":{"@id":"https:\/\/atomylatino.info\/#\/schema\/logo\/image\/"}}]}},"_links":{"self":[{"href":"https:\/\/atomylatino.info\/es_mx\/wp-json\/wp\/v2\/pages\/2021","targetHints":{"allow":["GET"]}}],"collection":[{"href":"https:\/\/atomylatino.info\/es_mx\/wp-json\/wp\/v2\/pages"}],"about":[{"href":"https:\/\/atomylatino.info\/es_mx\/wp-json\/wp\/v2\/types\/page"}],"author":[{"embeddable":true,"href":"https:\/\/atomylatino.info\/es_mx\/wp-json\/wp\/v2\/users\/1"}],"replies":[{"embeddable":true,"href":"https:\/\/atomylatino.info\/es_mx\/wp-json\/wp\/v2\/comments?post=2021"}],"version-history":[{"count":0,"href":"https:\/\/atomylatino.info\/es_mx\/wp-json\/wp\/v2\/pages\/2021\/revisions"}],"wp:attachment":[{"href":"https:\/\/atomylatino.info\/es_mx\/wp-json\/wp\/v2\/media?parent=2021"}],"curies":[{"name":"wp","href":"https:\/\/api.w.org\/{rel}","templated":true}]}}