{"id":3,"date":"2022-03-26T19:31:53","date_gmt":"2022-03-26T19:31:53","guid":{"rendered":"https:\/\/atomylatino.info\/?page_id=3"},"modified":"2022-05-08T17:49:56","modified_gmt":"2022-05-08T20:49:56","slug":"privacy-policy","status":"publish","type":"page","link":"https:\/\/atomylatino.info\/pt\/privacy-policy\/","title":{"rendered":"Privacy Policy"},"content":{"rendered":"<h2 class=\"wp-block-heading\">Quem somos<\/h2>\n\n\n\n<p><strong>Texto sugerido:&nbsp;<\/strong>O endere\u00e7o de nosso site \u00e9:&nbsp;<a href=\"https:\/\/atomylatino.info\/pt\/\">atomylatinos.net<\/a><\/p>\n\n\n\n<h2 class=\"wp-block-heading\">Coment\u00e1rios<\/h2>\n\n\n\n<p>Quando os visitantes deixam coment\u00e1rios no site, coletamos os dados que s\u00e3o exibidos no formul\u00e1rio de coment\u00e1rios, assim como o endere\u00e7o IP do visitante e a cadeia de agentes de usu\u00e1rio do navegador para ajudar a detec\u00e7\u00e3o de spam.<\/p>\n\n\n\n<p>Una cadena an\u00f3nima creada a partir de tu direcci\u00f3n de correo electr\u00f3nico (tambi\u00e9n llamada hash) puede ser proporcionada al servicio de Gravatar para ver si la est\u00e1s usando. La pol\u00edtica de privacidad del servicio Gravatar est\u00e1 disponible aqu\u00ed: https:\/\/automattic.com\/privacy\/. Despu\u00e9s de la aprobaci\u00f3n de tu comentario, la imagen de tu perfil es visible para el p\u00fablico en el contexto de tu comentario.<\/p>\n\n\n\n<h2 class=\"wp-block-heading\">Meios<\/h2>\n\n\n\n<p>Se voc\u00ea faz o upload de imagens para a web, deve evitar fazer upload de imagens com dados de localiza\u00e7\u00e3o de GPS (EXIF) inclu\u00eddos. Os visitantes do site podem baixar e extrair todos os dados de localiza\u00e7\u00e3o de imagens da web.<\/p>\n\n\n\n<h2 class=\"wp-block-heading\">Cookies<\/h2>\n\n\n\n<p>Se voc\u00ea deixar um coment\u00e1rio em nosso site voc\u00ea pode escolher salvar o seu nome, endere\u00e7o de e-mail e da web em cookies. Isso \u00e9 para o seu conforto, para que n\u00e3o tenha que voltar a preencher os seus dados quando voc\u00ea deixe outro coment\u00e1rio. Estes cookies ter\u00e3o dura\u00e7\u00e3o de um ano.<\/p>\n\n\n\n<p>Se tens uma conta e se conectar a este site, a instala\u00e7\u00e3o de um cookie tempor\u00e1rio para determinar se seu navegador aceita cookies. Este cookie n\u00e3o cont\u00e9m dados pessoais e elimina ao fechar o navegador.<\/p>\n\n\n\n<p>Quando voc\u00ea estiver logado, voc\u00ea tamb\u00e9m ir\u00e1 instalar v\u00e1rias cookies para armazenar suas informa\u00e7\u00f5es de acesso e as suas op\u00e7\u00f5es de visualiza\u00e7\u00e3o de tela. Os cookies de acesso dura\u00e7\u00e3o de dois dias, e os cookies de op\u00e7\u00f5es de tela duram um ano. Se voc\u00ea selecionar &#034;Recu\u00e9rdarme&#034;, seu acesso ir\u00e1 perdurar durante duas semanas. Se voc\u00ea sai da sua conta, os cookies de acesso ser\u00e3o exclu\u00eddos.<\/p>\n\n\n\n<p>Se voc\u00ea editar ou publicar um artigo ser\u00e1 guardado um cookie adicional em seu navegador. Este cookie n\u00e3o inclui dados pessoais e simplesmente indica o ID do artigo que voc\u00ea acabou de editar. Expira depois de 1 dia.<\/p>\n\n\n\n<h2 class=\"wp-block-heading\">Conte\u00fado incorporado outros sites<\/h2>\n\n\n\n<p>Os artigos deste site podem conter conte\u00fado inserido (por exemplo, v\u00eddeos, imagens, artigos, etc.). O conte\u00fado incorporado de outros sites se comporta exatamente da mesma maneira que o visitante tivesse visitado a outro web site.<\/p>\n\n\n\n<p>Estas site podem coletar dados sobre ti, usar cookies, incorporar um acompanhamento adicional de terceiros, e monitorar sua intera\u00e7\u00e3o com esse conte\u00fado incorporado, incluindo o acompanhamento de sua intera\u00e7\u00e3o com o conte\u00fado incorporado, se voc\u00ea tem uma conta e voc\u00ea est\u00e1 conectado \u00e0 web.<\/p>\n\n\n\n<h2 class=\"wp-block-heading\">Com quem compartilhamos seus dados<\/h2>\n\n\n\n<p>Se solicitar uma redefini\u00e7\u00e3o de senha, seu endere\u00e7o de IP ser\u00e1 inclu\u00edda no e-mail de redefini\u00e7\u00e3o.<\/p>\n\n\n\n<h2 class=\"wp-block-heading\">Quanto tempo conservamos os seus dados<\/h2>\n\n\n\n<p>Se voc\u00ea deixar um coment\u00e1rio, o seu coment\u00e1rio e seus metadados s\u00e3o mantidos indefinidamente. Isto \u00e9, para que possamos reconhecer e aprovar coment\u00e1rios sucessivos automaticamente, em vez de mant\u00ea-los em uma fila de modera\u00e7\u00e3o.<\/p>\n\n\n\n<p>Os usu\u00e1rios que se registram no site (se houver), tamb\u00e9m armazenamos as informa\u00e7\u00f5es pessoais que fornecer no seu perfil de usu\u00e1rio. Todos os usu\u00e1rios podem visualizar, editar ou remover suas informa\u00e7\u00f5es pessoais a qualquer momento (exceto que n\u00e3o podem mudar o seu nome de usu\u00e1rio). Os administradores do site tamb\u00e9m podem ver e editar essa informa\u00e7\u00e3o.<\/p>\n\n\n\n<h2 class=\"wp-block-heading\">Que direitos tem sobre seus dados<\/h2>\n\n\n\n<p>Se voc\u00ea tiver uma conta ou tiver deixado coment\u00e1rios neste site, voc\u00ea pode pedir para receber um arquivo de exporta\u00e7\u00e3o de dados pessoais que temos sobre voc\u00ea, incluindo qualquer informa\u00e7\u00e3o que nos tenha fornecido. Voc\u00ea tamb\u00e9m pode solicitar a remo\u00e7\u00e3o de quaisquer dados pessoais que temos sobre voc\u00ea. Isso n\u00e3o inclui nenhum dado que somos obrigados a reter com fins administrativos, legais ou de seguran\u00e7a.<\/p>\n\n\n\n<h2 class=\"wp-block-heading\">Onde enviamos seus dados<\/h2>\n\n\n\n<p>Os coment\u00e1rios dos visitantes, pode ser que os verifique um servi\u00e7o de detec\u00e7\u00e3o autom\u00e1tica de spam.<\/p>","protected":false},"excerpt":{"rendered":"<p>Qui\u00e9nes somos Texto sugerido:&nbsp;La direcci\u00f3n de nuestra web es:&nbsp;atomylatinos.net Comentarios Cuando los visitantes dejan comentarios en la web, recopilamos los datos que se muestran en el formulario de comentarios, as\u00ed como la direcci\u00f3n IP del visitante y la cadena de agentes de usuario del navegador para ayudar a la detecci\u00f3n de spam. Una cadena an\u00f3nima [&hellip;]<\/p>\n","protected":false},"author":1,"featured_media":0,"parent":0,"menu_order":0,"comment_status":"closed","ping_status":"open","template":"elementor_canvas","meta":{"_acf_changed":false,"site-sidebar-layout":"default","site-content-layout":"","ast-site-content-layout":"default","site-content-style":"default","site-sidebar-style":"default","ast-global-header-display":"","ast-banner-title-visibility":"","ast-main-header-display":"","ast-hfb-above-header-display":"","ast-hfb-below-header-display":"","ast-hfb-mobile-header-display":"","site-post-title":"","ast-breadcrumbs-content":"","ast-featured-img":"","footer-sml-layout":"","ast-disable-related-posts":"","theme-transparent-header-meta":"","adv-header-id-meta":"","stick-header-meta":"","header-above-stick-meta":"","header-main-stick-meta":"","header-below-stick-meta":"","astra-migrate-meta-layouts":"default","ast-page-background-enabled":"default","ast-page-background-meta":{"desktop":{"background-color":"","background-image":"","background-repeat":"repeat","background-position":"center center","background-size":"auto","background-attachment":"scroll","background-type":"","background-media":"","overlay-type":"","overlay-color":"","overlay-opacity":"","overlay-gradient":""},"tablet":{"background-color":"","background-image":"","background-repeat":"repeat","background-position":"center center","background-size":"auto","background-attachment":"scroll","background-type":"","background-media":"","overlay-type":"","overlay-color":"","overlay-opacity":"","overlay-gradient":""},"mobile":{"background-color":"","background-image":"","background-repeat":"repeat","background-position":"center center","background-size":"auto","background-attachment":"scroll","background-type":"","background-media":"","overlay-type":"","overlay-color":"","overlay-opacity":"","overlay-gradient":""}},"ast-content-background-meta":{"desktop":{"background-color":"var(--ast-global-color-5)","background-image":"","background-repeat":"repeat","background-position":"center center","background-size":"auto","background-attachment":"scroll","background-type":"","background-media":"","overlay-type":"","overlay-color":"","overlay-opacity":"","overlay-gradient":""},"tablet":{"background-color":"var(--ast-global-color-5)","background-image":"","background-repeat":"repeat","background-position":"center center","background-size":"auto","background-attachment":"scroll","background-type":"","background-media":"","overlay-type":"","overlay-color":"","overlay-opacity":"","overlay-gradient":""},"mobile":{"background-color":"var(--ast-global-color-5)","background-image":"","background-repeat":"repeat","background-position":"center center","background-size":"auto","background-attachment":"scroll","background-type":"","background-media":"","overlay-type":"","overlay-color":"","overlay-opacity":"","overlay-gradient":""}},"footnotes":""},"class_list":["post-3","page","type-page","status-publish","hentry"],"acf":[],"yoast_head":"<!-- This site is optimized with the Yoast SEO plugin v27.2 - https:\/\/yoast.com\/product\/yoast-seo-wordpress\/ -->\n<title>Privacy Policy - Atomy Latinos<\/title>\n<meta name=\"robots\" content=\"index, follow, max-snippet:-1, max-image-preview:large, max-video-preview:-1\" \/>\n<link rel=\"canonical\" href=\"https:\/\/atomylatino.info\/pt\/privacy-policy\/\" \/>\n<meta property=\"og:locale\" content=\"pt_BR\" \/>\n<meta property=\"og:type\" content=\"article\" \/>\n<meta property=\"og:title\" content=\"Privacy Policy - Atomy Latinos\" \/>\n<meta property=\"og:description\" content=\"Qui\u00e9nes somos Texto sugerido:&nbsp;La direcci\u00f3n de nuestra web es:&nbsp;atomylatinos.net Comentarios Cuando los visitantes dejan comentarios en la web, recopilamos los datos que se muestran en el formulario de comentarios, as\u00ed como la direcci\u00f3n IP del visitante y la cadena de agentes de usuario del navegador para ayudar a la detecci\u00f3n de spam. Una cadena an\u00f3nima [&hellip;]\" \/>\n<meta property=\"og:url\" content=\"https:\/\/atomylatino.info\/pt\/privacy-policy\/\" \/>\n<meta property=\"og:site_name\" content=\"Atomy Latinos\" \/>\n<meta property=\"article:modified_time\" content=\"2022-05-08T20:49:56+00:00\" \/>\n<meta name=\"twitter:card\" content=\"summary_large_image\" \/>\n<meta name=\"twitter:label1\" content=\"Est. tempo de leitura\" \/>\n\t<meta name=\"twitter:data1\" content=\"3 minutos\" \/>\n<script type=\"application\/ld+json\" class=\"yoast-schema-graph\">{\"@context\":\"https:\/\/schema.org\",\"@graph\":[{\"@type\":\"WebPage\",\"@id\":\"https:\/\/atomylatino.info\/privacy-policy\/\",\"url\":\"https:\/\/atomylatino.info\/privacy-policy\/\",\"name\":\"Privacy Policy - Atomy Latinos\",\"isPartOf\":{\"@id\":\"https:\/\/atomylatino.info\/#website\"},\"datePublished\":\"2022-03-26T19:31:53+00:00\",\"dateModified\":\"2022-05-08T20:49:56+00:00\",\"breadcrumb\":{\"@id\":\"https:\/\/atomylatino.info\/privacy-policy\/#breadcrumb\"},\"inLanguage\":\"pt-BR\",\"potentialAction\":[{\"@type\":\"ReadAction\",\"target\":[\"https:\/\/atomylatino.info\/privacy-policy\/\"]}]},{\"@type\":\"BreadcrumbList\",\"@id\":\"https:\/\/atomylatino.info\/privacy-policy\/#breadcrumb\",\"itemListElement\":[{\"@type\":\"ListItem\",\"position\":1,\"name\":\"Portada\",\"item\":\"https:\/\/atomylatino.info\/\"},{\"@type\":\"ListItem\",\"position\":2,\"name\":\"Privacy Policy\"}]},{\"@type\":\"WebSite\",\"@id\":\"https:\/\/atomylatino.info\/#website\",\"url\":\"https:\/\/atomylatino.info\/\",\"name\":\"Atomy Latinos\",\"description\":\"Imperial Center\",\"publisher\":{\"@id\":\"https:\/\/atomylatino.info\/#organization\"},\"potentialAction\":[{\"@type\":\"SearchAction\",\"target\":{\"@type\":\"EntryPoint\",\"urlTemplate\":\"https:\/\/atomylatino.info\/?s={search_term_string}\"},\"query-input\":{\"@type\":\"PropertyValueSpecification\",\"valueRequired\":true,\"valueName\":\"search_term_string\"}}],\"inLanguage\":\"pt-BR\"},{\"@type\":\"Organization\",\"@id\":\"https:\/\/atomylatino.info\/#organization\",\"name\":\"Atomy Latinos\",\"url\":\"https:\/\/atomylatino.info\/\",\"logo\":{\"@type\":\"ImageObject\",\"inLanguage\":\"pt-BR\",\"@id\":\"https:\/\/atomylatino.info\/#\/schema\/logo\/image\/\",\"url\":\"https:\/\/atomylatino.info\/wp-content\/uploads\/2022\/04\/logo-Atomy-latinos-transp-3-1.png\",\"contentUrl\":\"https:\/\/atomylatino.info\/wp-content\/uploads\/2022\/04\/logo-Atomy-latinos-transp-3-1.png\",\"width\":648,\"height\":719,\"caption\":\"Atomy Latinos\"},\"image\":{\"@id\":\"https:\/\/atomylatino.info\/#\/schema\/logo\/image\/\"}}]}<\/script>\n<!-- \/ Yoast SEO plugin. -->","yoast_head_json":{"title":"Privacy Policy - Atomy Latinos","robots":{"index":"index","follow":"follow","max-snippet":"max-snippet:-1","max-image-preview":"max-image-preview:large","max-video-preview":"max-video-preview:-1"},"canonical":"https:\/\/atomylatino.info\/pt\/privacy-policy\/","og_locale":"pt_BR","og_type":"article","og_title":"Privacy Policy - Atomy Latinos","og_description":"Qui\u00e9nes somos Texto sugerido:&nbsp;La direcci\u00f3n de nuestra web es:&nbsp;atomylatinos.net Comentarios Cuando los visitantes dejan comentarios en la web, recopilamos los datos que se muestran en el formulario de comentarios, as\u00ed como la direcci\u00f3n IP del visitante y la cadena de agentes de usuario del navegador para ayudar a la detecci\u00f3n de spam. Una cadena an\u00f3nima [&hellip;]","og_url":"https:\/\/atomylatino.info\/pt\/privacy-policy\/","og_site_name":"Atomy Latinos","article_modified_time":"2022-05-08T20:49:56+00:00","twitter_card":"summary_large_image","twitter_misc":{"Est. tempo de leitura":"3 minutos"},"schema":{"@context":"https:\/\/schema.org","@graph":[{"@type":"WebPage","@id":"https:\/\/atomylatino.info\/privacy-policy\/","url":"https:\/\/atomylatino.info\/privacy-policy\/","name":"Privacy Policy - Atomy Latinos","isPartOf":{"@id":"https:\/\/atomylatino.info\/#website"},"datePublished":"2022-03-26T19:31:53+00:00","dateModified":"2022-05-08T20:49:56+00:00","breadcrumb":{"@id":"https:\/\/atomylatino.info\/privacy-policy\/#breadcrumb"},"inLanguage":"pt-BR","potentialAction":[{"@type":"ReadAction","target":["https:\/\/atomylatino.info\/privacy-policy\/"]}]},{"@type":"BreadcrumbList","@id":"https:\/\/atomylatino.info\/privacy-policy\/#breadcrumb","itemListElement":[{"@type":"ListItem","position":1,"name":"Portada","item":"https:\/\/atomylatino.info\/"},{"@type":"ListItem","position":2,"name":"Privacy Policy"}]},{"@type":"WebSite","@id":"https:\/\/atomylatino.info\/#website","url":"https:\/\/atomylatino.info\/","name":"Atomy Latinos","description":"Imperial Center","publisher":{"@id":"https:\/\/atomylatino.info\/#organization"},"potentialAction":[{"@type":"SearchAction","target":{"@type":"EntryPoint","urlTemplate":"https:\/\/atomylatino.info\/?s={search_term_string}"},"query-input":{"@type":"PropertyValueSpecification","valueRequired":true,"valueName":"search_term_string"}}],"inLanguage":"pt-BR"},{"@type":"Organization","@id":"https:\/\/atomylatino.info\/#organization","name":"Atomy Latinos","url":"https:\/\/atomylatino.info\/","logo":{"@type":"ImageObject","inLanguage":"pt-BR","@id":"https:\/\/atomylatino.info\/#\/schema\/logo\/image\/","url":"https:\/\/atomylatino.info\/wp-content\/uploads\/2022\/04\/logo-Atomy-latinos-transp-3-1.png","contentUrl":"https:\/\/atomylatino.info\/wp-content\/uploads\/2022\/04\/logo-Atomy-latinos-transp-3-1.png","width":648,"height":719,"caption":"Atomy Latinos"},"image":{"@id":"https:\/\/atomylatino.info\/#\/schema\/logo\/image\/"}}]}},"_links":{"self":[{"href":"https:\/\/atomylatino.info\/pt\/wp-json\/wp\/v2\/pages\/3","targetHints":{"allow":["GET"]}}],"collection":[{"href":"https:\/\/atomylatino.info\/pt\/wp-json\/wp\/v2\/pages"}],"about":[{"href":"https:\/\/atomylatino.info\/pt\/wp-json\/wp\/v2\/types\/page"}],"author":[{"embeddable":true,"href":"https:\/\/atomylatino.info\/pt\/wp-json\/wp\/v2\/users\/1"}],"replies":[{"embeddable":true,"href":"https:\/\/atomylatino.info\/pt\/wp-json\/wp\/v2\/comments?post=3"}],"version-history":[{"count":0,"href":"https:\/\/atomylatino.info\/pt\/wp-json\/wp\/v2\/pages\/3\/revisions"}],"wp:attachment":[{"href":"https:\/\/atomylatino.info\/pt\/wp-json\/wp\/v2\/media?parent=3"}],"curies":[{"name":"wp","href":"https:\/\/api.w.org\/{rel}","templated":true}]}}