{"id":785,"date":"2022-04-22T17:29:00","date_gmt":"2022-04-22T20:29:00","guid":{"rendered":"https:\/\/atomylatino.info\/?page_id=785"},"modified":"2022-05-17T18:39:45","modified_gmt":"2022-05-17T21:39:45","slug":"inscripcion-gratuita-atomy","status":"publish","type":"page","link":"https:\/\/atomylatino.info\/pt\/inscripcion-gratuita-atomy\/","title":{"rendered":"Inscripci\u00f3n Gratuita Atomy"},"content":{"rendered":"\t\t<div data-elementor-type=\"wp-page\" data-elementor-id=\"785\" class=\"elementor elementor-785\" data-elementor-post-type=\"page\">\n\t\t\t\t\t\t<section class=\"elementor-section elementor-top-section elementor-element elementor-element-85b4a36 elementor-section-boxed elementor-section-height-default elementor-section-height-default\" data-id=\"85b4a36\" data-element_type=\"section\" data-e-type=\"section\" data-settings=\"{&quot;background_background&quot;:&quot;classic&quot;}\">\n\t\t\t\t\t\t\t<div class=\"elementor-background-overlay\"><\/div>\n\t\t\t\t\t\t\t<div class=\"elementor-container elementor-column-gap-default\">\n\t\t\t\t\t<div class=\"elementor-column elementor-col-100 elementor-top-column elementor-element elementor-element-348a5d1\" data-id=\"348a5d1\" data-element_type=\"column\" data-e-type=\"column\">\n\t\t\t<div class=\"elementor-widget-wrap elementor-element-populated\">\n\t\t\t\t\t\t<div class=\"elementor-element elementor-element-0cd3f7c elementor-widget elementor-widget-spacer\" data-id=\"0cd3f7c\" data-element_type=\"widget\" data-e-type=\"widget\" data-widget_type=\"spacer.default\">\n\t\t\t\t<div class=\"elementor-widget-container\">\n\t\t\t\t\t\t\t<div class=\"elementor-spacer\">\n\t\t\t<div class=\"elementor-spacer-inner\"><\/div>\n\t\t<\/div>\n\t\t\t\t\t\t<\/div>\n\t\t\t\t<\/div>\n\t\t\t\t<section class=\"elementor-section elementor-inner-section elementor-element elementor-element-ca4ea8f elementor-section-boxed elementor-section-height-default elementor-section-height-default\" data-id=\"ca4ea8f\" data-element_type=\"section\" data-e-type=\"section\">\n\t\t\t\t\t\t<div class=\"elementor-container elementor-column-gap-default\">\n\t\t\t\t\t<div class=\"elementor-column elementor-col-100 elementor-inner-column elementor-element elementor-element-2f6c63a\" data-id=\"2f6c63a\" data-element_type=\"column\" data-e-type=\"column\">\n\t\t\t<div class=\"elementor-widget-wrap elementor-element-populated\">\n\t\t\t\t\t\t<div class=\"elementor-element elementor-element-5835a17 elementor-widget elementor-widget-heading\" data-id=\"5835a17\" data-element_type=\"widget\" data-e-type=\"widget\" data-widget_type=\"heading.default\">\n\t\t\t\t<div class=\"elementor-widget-container\">\n\t\t\t\t\t<h2 class=\"elementor-heading-title elementor-size-default\">Nunca fue tan f\u00e1cil comenzar t\u00fa nuevo negocio, \u00fanete llenando el formulario TOTALMENTE GRATIS y t\u00fa c\u00f3digo de empresario estar\u00e1 activado en las pr\u00f3ximas 24 horas.<\/h2>\t\t\t\t<\/div>\n\t\t\t\t<\/div>\n\t\t\t\t\t<\/div>\n\t\t<\/div>\n\t\t\t\t\t<\/div>\n\t\t<\/section>\n\t\t\t\t<div class=\"elementor-element elementor-element-7148e40 elementor-widget elementor-widget-spacer\" data-id=\"7148e40\" data-element_type=\"widget\" data-e-type=\"widget\" data-widget_type=\"spacer.default\">\n\t\t\t\t<div class=\"elementor-widget-container\">\n\t\t\t\t\t\t\t<div class=\"elementor-spacer\">\n\t\t\t<div class=\"elementor-spacer-inner\"><\/div>\n\t\t<\/div>\n\t\t\t\t\t\t<\/div>\n\t\t\t\t<\/div>\n\t\t\t\t<div class=\"elementor-element elementor-element-5045288 elementor-widget elementor-widget-heading\" data-id=\"5045288\" data-element_type=\"widget\" data-e-type=\"widget\" data-widget_type=\"heading.default\">\n\t\t\t\t<div class=\"elementor-widget-container\">\n\t\t\t\t\t<h2 class=\"elementor-heading-title elementor-size-default\">POR FAVOR ASEGURESE DE RESPONDER EL CORREO DE VALIDACI\u00d3N QUE LE ENVIAR\u00c9MOS !!<\/h2>\t\t\t\t<\/div>\n\t\t\t\t<\/div>\n\t\t\t\t<section class=\"elementor-section elementor-inner-section elementor-element elementor-element-f0453db elementor-section-boxed elementor-section-height-default elementor-section-height-default\" data-id=\"f0453db\" data-element_type=\"section\" data-e-type=\"section\">\n\t\t\t\t\t\t<div class=\"elementor-container elementor-column-gap-default\">\n\t\t\t\t\t<div class=\"elementor-column elementor-col-100 elementor-inner-column elementor-element elementor-element-dd81789\" data-id=\"dd81789\" data-element_type=\"column\" data-e-type=\"column\">\n\t\t\t<div class=\"elementor-widget-wrap elementor-element-populated\">\n\t\t\t\t\t\t<div class=\"elementor-element elementor-element-172b418 elementor-widget elementor-widget-wpforms\" data-id=\"172b418\" data-element_type=\"widget\" data-e-type=\"widget\" data-widget_type=\"wpforms.default\">\n\t\t\t\t<div class=\"elementor-widget-container\">\n\t\t\t\t\t<div class=\"wpforms-container \" id=\"wpforms-1135\"><form id=\"wpforms-form-1135\" class=\"wpforms-validate wpforms-form\" data-formid=\"1135\" method=\"post\" enctype=\"multipart\/form-data\" action=\"\/pt\/wp-json\/wp\/v2\/pages\/785\" data-token=\"03d96c0954a27f76ce20572cff4b3292\"><noscript class=\"wpforms-error-noscript\">Ative o JavaScript no seu navegador para preencher este formul\u00e1rio.<\/noscript><div class=\"wpforms-field-container\"><div id=\"wpforms-1135-field_0-container\" class=\"wpforms-field wpforms-field-name\" data-field-id=\"0\"><label class=\"wpforms-field-label wpforms-label-hide\" for=\"wpforms-1135-field_0\">Name <span class=\"wpforms-required-label\">*<\/span><\/label><div class=\"wpforms-field-row wpforms-field-large\"><div class=\"wpforms-field-row-block wpforms-first wpforms-one-half\"><input type=\"text\" id=\"wpforms-1135-field_0\" class=\"wpforms-field-name-first wpforms-field-required\" name=\"wpforms[fields][0][first]\" placeholder=\"Nombre\" required><label for=\"wpforms-1135-field_0\" class=\"wpforms-field-sublabel after wpforms-sublabel-hide\">Nome<\/label><\/div><div class=\"wpforms-field-row-block wpforms-one-half\"><input type=\"text\" id=\"wpforms-1135-field_0-last\" class=\"wpforms-field-name-last wpforms-field-required\" name=\"wpforms[fields][0][last]\" placeholder=\"Apellido\" required><label for=\"wpforms-1135-field_0-last\" class=\"wpforms-field-sublabel after wpforms-sublabel-hide\">Sobrenome<\/label><\/div><\/div><\/div><div id=\"wpforms-1135-field_5-container\" class=\"wpforms-field wpforms-field-text\" data-field-id=\"5\"><input type=\"text\" id=\"wpforms-1135-field_5\" class=\"wpforms-field-large wpforms-field-required\" name=\"wpforms[fields][5]\" placeholder=\"Fecha de Nacimiento\" required><\/div><div id=\"wpforms-1135-field_3-container\" class=\"wpforms-field wpforms-field-text\" data-field-id=\"3\"><label class=\"wpforms-field-label wpforms-label-hide\" for=\"wpforms-1135-field_3\">Phone <span class=\"wpforms-required-label\">*<\/span><\/label><input type=\"text\" id=\"wpforms-1135-field_3\" class=\"wpforms-field-large wpforms-field-required\" name=\"wpforms[fields][3]\" placeholder=\"WhatsApp con el (+) y codigo de Pa\u00eds\" required><\/div><div id=\"wpforms-1135-field_6-container\" class=\"wpforms-field wpforms-field-text\" data-field-id=\"6\"><input type=\"text\" id=\"wpforms-1135-field_6\" class=\"wpforms-field-large wpforms-field-required\" name=\"wpforms[fields][6]\" placeholder=\"Pa\u00eds donde reside \" required><\/div><div id=\"wpforms-1135-field_7-container\" class=\"wpforms-field wpforms-field-text\" data-field-id=\"7\"><input type=\"text\" id=\"wpforms-1135-field_7\" class=\"wpforms-field-large wpforms-field-required\" name=\"wpforms[fields][7]\" placeholder=\"Direccion completa con ciudad \" required><\/div><div id=\"wpforms-1135-field_8-container\" class=\"wpforms-field wpforms-field-text\" data-field-id=\"8\"><input type=\"text\" id=\"wpforms-1135-field_8\" class=\"wpforms-field-large wpforms-field-required\" name=\"wpforms[fields][8]\" placeholder=\"Tipo y N\u00famero de Documento de Identificaci\u00f3n\" required><\/div><div id=\"wpforms-1135-field_1-container\" class=\"wpforms-field wpforms-field-email\" data-field-id=\"1\"><label class=\"wpforms-field-label wpforms-label-hide\" for=\"wpforms-1135-field_1\">Email <span class=\"wpforms-required-label\">*<\/span><\/label><input type=\"email\" id=\"wpforms-1135-field_1\" class=\"wpforms-field-large wpforms-field-required\" name=\"wpforms[fields][1]\" placeholder=\"Correo Electr\u00f3nico\" required><\/div><div id=\"wpforms-1135-field_9-container\" class=\"wpforms-field wpforms-field-name\" data-field-id=\"9\"><label class=\"wpforms-field-label\" for=\"wpforms-1135-field_9\">Nombre  del Patrocinador que le presento ATOMY<\/label><div class=\"wpforms-field-row wpforms-field-large\"><div class=\"wpforms-field-row-block wpforms-first wpforms-one-half\"><input type=\"text\" id=\"wpforms-1135-field_9\" class=\"wpforms-field-name-first\" name=\"wpforms[fields][9][first]\" placeholder=\"Nombre\" ><label for=\"wpforms-1135-field_9\" class=\"wpforms-field-sublabel after wpforms-sublabel-hide\">Nome<\/label><\/div><div class=\"wpforms-field-row-block wpforms-one-half\"><input type=\"text\" id=\"wpforms-1135-field_9-last\" class=\"wpforms-field-name-last\" name=\"wpforms[fields][9][last]\" placeholder=\"Apellido\" ><label for=\"wpforms-1135-field_9-last\" class=\"wpforms-field-sublabel after wpforms-sublabel-hide\">Sobrenome<\/label><\/div><\/div><div class=\"wpforms-field-description\">Nombre  de la persona que le presento ATOMY, (deje el campo vac\u00edo si llego solo(a) a \u00e9sta informaci\u00f3n)<\/div><\/div><div id=\"wpforms-1135-field_2-container\" class=\"wpforms-field wpforms-field-textarea\" data-field-id=\"2\"><textarea id=\"wpforms-1135-field_2\" class=\"wpforms-field-large\" name=\"wpforms[fields][2]\" placeholder=\"Observaciones\" ><\/textarea><\/div><div id=\"wpforms-1135-field_10-container\" class=\"wpforms-field wpforms-field-html\" data-field-id=\"10\"><div id=\"wpforms-1135-field_10\"><\/p>\r\n    <label>\r\n        <input name=\"AGREE_TO_TERMS\" type=\"checkbox\" value=\"1\" required=\"\"> <a href=\"https:\/\/atomylatino.info\/privacy-policy\/\" target=\"_blank\">He le\u00eddo y acepto los t\u00e9rminos y condiciones<\/a>\r\n    <\/label>\r\n<\/p>\r\nRespetamos su Privacidad y las Leyes de Gesti\u00f3n de Datos, por ello no compartimos su Informaci\u00f3n.<\/div><\/div><\/div><div class=\"wpforms-field wpforms-field-hp\"><label for=\"wpforms-1135-field-hp\" class=\"wpforms-field-label\">Message<\/label><input type=\"text\" name=\"wpforms[hp]\" id=\"wpforms-1135-field-hp\" class=\"wpforms-field-medium\"><\/div><div class=\"wpforms-recaptcha-container wpforms-is-recaptcha\"><div class=\"g-recaptcha\" data-sitekey=\"6LerwXApAAAAAAreNJrHFn62Ctt7wlrJR3F60Izr\"><\/div><input type=\"text\" name=\"g-recaptcha-hidden\" class=\"wpforms-recaptcha-hidden\" style=\"position:absolute!important;clip:rect(0,0,0,0)!important;height:1px!important;width:1px!important;border:0!important;overflow:hidden!important;padding:0!important;margin:0!important;\" required><\/div><div class=\"wpforms-submit-container\"><input type=\"hidden\" name=\"wpforms[id]\" value=\"1135\"><input type=\"hidden\" name=\"wpforms[author]\" value=\"1\"><button type=\"submit\" name=\"wpforms[submit]\" id=\"wpforms-submit-1135\" class=\"wpforms-submit\" data-alt-text=\"Sending...\" data-submit-text=\"Enviar\" aria-live=\"assertive\" value=\"wpforms-submit\">Enviar<\/button><\/div><\/form><\/div>  <!-- .wpforms-container -->\t\t\t\t<\/div>\n\t\t\t\t<\/div>\n\t\t\t\t\t<\/div>\n\t\t<\/div>\n\t\t\t\t\t<\/div>\n\t\t<\/section>\n\t\t\t\t\t<\/div>\n\t\t<\/div>\n\t\t\t\t\t<\/div>\n\t\t<\/section>\n\t\t\t\t<\/div>\n\t\t","protected":false},"excerpt":{"rendered":"<p>Nunca fue tan f\u00e1cil comenzar t\u00fa nuevo negocio, \u00fanete llenando el formulario TOTALMENTE GRATIS y t\u00fa c\u00f3digo de empresario estar\u00e1 activado en las pr\u00f3ximas 24 horas. POR FAVOR ASEGURESE DE RESPONDER EL CORREO DE VALIDACI\u00d3N QUE LE ENVIAR\u00c9MOS !!<\/p>","protected":false},"author":1,"featured_media":0,"parent":0,"menu_order":0,"comment_status":"closed","ping_status":"closed","template":"elementor_canvas","meta":{"_acf_changed":false,"site-sidebar-layout":"no-sidebar","site-content-layout":"page-builder","ast-site-content-layout":"default","site-content-style":"default","site-sidebar-style":"default","ast-global-header-display":"","ast-banner-title-visibility":"","ast-main-header-display":"","ast-hfb-above-header-display":"","ast-hfb-below-header-display":"","ast-hfb-mobile-header-display":"","site-post-title":"disabled","ast-breadcrumbs-content":"","ast-featured-img":"disabled","footer-sml-layout":"","ast-disable-related-posts":"","theme-transparent-header-meta":"","adv-header-id-meta":"","stick-header-meta":"","header-above-stick-meta":"","header-main-stick-meta":"","header-below-stick-meta":"","astra-migrate-meta-layouts":"default","ast-page-background-enabled":"default","ast-page-background-meta":{"desktop":{"background-color":"","background-image":"","background-repeat":"repeat","background-position":"center center","background-size":"auto","background-attachment":"scroll","background-type":"","background-media":"","overlay-type":"","overlay-color":"","overlay-opacity":"","overlay-gradient":""},"tablet":{"background-color":"","background-image":"","background-repeat":"repeat","background-position":"center center","background-size":"auto","background-attachment":"scroll","background-type":"","background-media":"","overlay-type":"","overlay-color":"","overlay-opacity":"","overlay-gradient":""},"mobile":{"background-color":"","background-image":"","background-repeat":"repeat","background-position":"center center","background-size":"auto","background-attachment":"scroll","background-type":"","background-media":"","overlay-type":"","overlay-color":"","overlay-opacity":"","overlay-gradient":""}},"ast-content-background-meta":{"desktop":{"background-color":"var(--ast-global-color-5)","background-image":"","background-repeat":"repeat","background-position":"center center","background-size":"auto","background-attachment":"scroll","background-type":"","background-media":"","overlay-type":"","overlay-color":"","overlay-opacity":"","overlay-gradient":""},"tablet":{"background-color":"var(--ast-global-color-5)","background-image":"","background-repeat":"repeat","background-position":"center center","background-size":"auto","background-attachment":"scroll","background-type":"","background-media":"","overlay-type":"","overlay-color":"","overlay-opacity":"","overlay-gradient":""},"mobile":{"background-color":"var(--ast-global-color-5)","background-image":"","background-repeat":"repeat","background-position":"center center","background-size":"auto","background-attachment":"scroll","background-type":"","background-media":"","overlay-type":"","overlay-color":"","overlay-opacity":"","overlay-gradient":""}},"footnotes":""},"class_list":["post-785","page","type-page","status-publish","hentry"],"acf":[],"yoast_head":"<!-- This site is optimized with the Yoast SEO plugin v27.2 - https:\/\/yoast.com\/product\/yoast-seo-wordpress\/ -->\n<title>Inscripci\u00f3n Gratuita Atomy - Atomy Latinos<\/title>\n<meta name=\"robots\" content=\"index, follow, max-snippet:-1, max-image-preview:large, max-video-preview:-1\" \/>\n<link rel=\"canonical\" href=\"https:\/\/atomylatino.info\/pt\/inscripcion-gratuita-atomy\/\" \/>\n<meta property=\"og:locale\" content=\"pt_BR\" \/>\n<meta property=\"og:type\" content=\"article\" \/>\n<meta property=\"og:title\" content=\"Inscripci\u00f3n Gratuita Atomy - Atomy Latinos\" \/>\n<meta property=\"og:description\" content=\"Nunca fue tan f\u00e1cil comenzar t\u00fa nuevo negocio, \u00fanete llenando el formulario TOTALMENTE GRATIS y t\u00fa c\u00f3digo de empresario estar\u00e1 activado en las pr\u00f3ximas 24 horas. POR FAVOR ASEGURESE DE RESPONDER EL CORREO DE VALIDACI\u00d3N QUE LE ENVIAR\u00c9MOS !!\" \/>\n<meta property=\"og:url\" content=\"https:\/\/atomylatino.info\/pt\/inscripcion-gratuita-atomy\/\" \/>\n<meta property=\"og:site_name\" content=\"Atomy Latinos\" \/>\n<meta property=\"article:modified_time\" content=\"2022-05-17T21:39:45+00:00\" \/>\n<meta name=\"twitter:card\" content=\"summary_large_image\" \/>\n<meta name=\"twitter:label1\" content=\"Est. tempo de leitura\" \/>\n\t<meta name=\"twitter:data1\" content=\"1 minuto\" \/>\n<script type=\"application\/ld+json\" class=\"yoast-schema-graph\">{\"@context\":\"https:\/\/schema.org\",\"@graph\":[{\"@type\":\"WebPage\",\"@id\":\"https:\/\/atomylatino.info\/inscripcion-gratuita-atomy\/\",\"url\":\"https:\/\/atomylatino.info\/inscripcion-gratuita-atomy\/\",\"name\":\"Inscripci\u00f3n Gratuita Atomy - Atomy Latinos\",\"isPartOf\":{\"@id\":\"https:\/\/atomylatino.info\/#website\"},\"datePublished\":\"2022-04-22T20:29:00+00:00\",\"dateModified\":\"2022-05-17T21:39:45+00:00\",\"breadcrumb\":{\"@id\":\"https:\/\/atomylatino.info\/inscripcion-gratuita-atomy\/#breadcrumb\"},\"inLanguage\":\"pt-BR\",\"potentialAction\":[{\"@type\":\"ReadAction\",\"target\":[\"https:\/\/atomylatino.info\/inscripcion-gratuita-atomy\/\"]}]},{\"@type\":\"BreadcrumbList\",\"@id\":\"https:\/\/atomylatino.info\/inscripcion-gratuita-atomy\/#breadcrumb\",\"itemListElement\":[{\"@type\":\"ListItem\",\"position\":1,\"name\":\"Portada\",\"item\":\"https:\/\/atomylatino.info\/\"},{\"@type\":\"ListItem\",\"position\":2,\"name\":\"Inscripci\u00f3n Gratuita Atomy\"}]},{\"@type\":\"WebSite\",\"@id\":\"https:\/\/atomylatino.info\/#website\",\"url\":\"https:\/\/atomylatino.info\/\",\"name\":\"Atomy Latinos\",\"description\":\"Imperial Center\",\"publisher\":{\"@id\":\"https:\/\/atomylatino.info\/#organization\"},\"potentialAction\":[{\"@type\":\"SearchAction\",\"target\":{\"@type\":\"EntryPoint\",\"urlTemplate\":\"https:\/\/atomylatino.info\/?s={search_term_string}\"},\"query-input\":{\"@type\":\"PropertyValueSpecification\",\"valueRequired\":true,\"valueName\":\"search_term_string\"}}],\"inLanguage\":\"pt-BR\"},{\"@type\":\"Organization\",\"@id\":\"https:\/\/atomylatino.info\/#organization\",\"name\":\"Atomy Latinos\",\"url\":\"https:\/\/atomylatino.info\/\",\"logo\":{\"@type\":\"ImageObject\",\"inLanguage\":\"pt-BR\",\"@id\":\"https:\/\/atomylatino.info\/#\/schema\/logo\/image\/\",\"url\":\"https:\/\/atomylatino.info\/wp-content\/uploads\/2022\/04\/logo-Atomy-latinos-transp-3-1.png\",\"contentUrl\":\"https:\/\/atomylatino.info\/wp-content\/uploads\/2022\/04\/logo-Atomy-latinos-transp-3-1.png\",\"width\":648,\"height\":719,\"caption\":\"Atomy Latinos\"},\"image\":{\"@id\":\"https:\/\/atomylatino.info\/#\/schema\/logo\/image\/\"}}]}<\/script>\n<!-- \/ Yoast SEO plugin. -->","yoast_head_json":{"title":"Inscripci\u00f3n Gratuita Atomy - Atomy Latinos","robots":{"index":"index","follow":"follow","max-snippet":"max-snippet:-1","max-image-preview":"max-image-preview:large","max-video-preview":"max-video-preview:-1"},"canonical":"https:\/\/atomylatino.info\/pt\/inscripcion-gratuita-atomy\/","og_locale":"pt_BR","og_type":"article","og_title":"Inscripci\u00f3n Gratuita Atomy - Atomy Latinos","og_description":"Nunca fue tan f\u00e1cil comenzar t\u00fa nuevo negocio, \u00fanete llenando el formulario TOTALMENTE GRATIS y t\u00fa c\u00f3digo de empresario estar\u00e1 activado en las pr\u00f3ximas 24 horas. POR FAVOR ASEGURESE DE RESPONDER EL CORREO DE VALIDACI\u00d3N QUE LE ENVIAR\u00c9MOS !!","og_url":"https:\/\/atomylatino.info\/pt\/inscripcion-gratuita-atomy\/","og_site_name":"Atomy Latinos","article_modified_time":"2022-05-17T21:39:45+00:00","twitter_card":"summary_large_image","twitter_misc":{"Est. tempo de leitura":"1 minuto"},"schema":{"@context":"https:\/\/schema.org","@graph":[{"@type":"WebPage","@id":"https:\/\/atomylatino.info\/inscripcion-gratuita-atomy\/","url":"https:\/\/atomylatino.info\/inscripcion-gratuita-atomy\/","name":"Inscripci\u00f3n Gratuita Atomy - Atomy Latinos","isPartOf":{"@id":"https:\/\/atomylatino.info\/#website"},"datePublished":"2022-04-22T20:29:00+00:00","dateModified":"2022-05-17T21:39:45+00:00","breadcrumb":{"@id":"https:\/\/atomylatino.info\/inscripcion-gratuita-atomy\/#breadcrumb"},"inLanguage":"pt-BR","potentialAction":[{"@type":"ReadAction","target":["https:\/\/atomylatino.info\/inscripcion-gratuita-atomy\/"]}]},{"@type":"BreadcrumbList","@id":"https:\/\/atomylatino.info\/inscripcion-gratuita-atomy\/#breadcrumb","itemListElement":[{"@type":"ListItem","position":1,"name":"Portada","item":"https:\/\/atomylatino.info\/"},{"@type":"ListItem","position":2,"name":"Inscripci\u00f3n Gratuita Atomy"}]},{"@type":"WebSite","@id":"https:\/\/atomylatino.info\/#website","url":"https:\/\/atomylatino.info\/","name":"Atomy Latinos","description":"Imperial Center","publisher":{"@id":"https:\/\/atomylatino.info\/#organization"},"potentialAction":[{"@type":"SearchAction","target":{"@type":"EntryPoint","urlTemplate":"https:\/\/atomylatino.info\/?s={search_term_string}"},"query-input":{"@type":"PropertyValueSpecification","valueRequired":true,"valueName":"search_term_string"}}],"inLanguage":"pt-BR"},{"@type":"Organization","@id":"https:\/\/atomylatino.info\/#organization","name":"Atomy Latinos","url":"https:\/\/atomylatino.info\/","logo":{"@type":"ImageObject","inLanguage":"pt-BR","@id":"https:\/\/atomylatino.info\/#\/schema\/logo\/image\/","url":"https:\/\/atomylatino.info\/wp-content\/uploads\/2022\/04\/logo-Atomy-latinos-transp-3-1.png","contentUrl":"https:\/\/atomylatino.info\/wp-content\/uploads\/2022\/04\/logo-Atomy-latinos-transp-3-1.png","width":648,"height":719,"caption":"Atomy Latinos"},"image":{"@id":"https:\/\/atomylatino.info\/#\/schema\/logo\/image\/"}}]}},"_links":{"self":[{"href":"https:\/\/atomylatino.info\/pt\/wp-json\/wp\/v2\/pages\/785","targetHints":{"allow":["GET"]}}],"collection":[{"href":"https:\/\/atomylatino.info\/pt\/wp-json\/wp\/v2\/pages"}],"about":[{"href":"https:\/\/atomylatino.info\/pt\/wp-json\/wp\/v2\/types\/page"}],"author":[{"embeddable":true,"href":"https:\/\/atomylatino.info\/pt\/wp-json\/wp\/v2\/users\/1"}],"replies":[{"embeddable":true,"href":"https:\/\/atomylatino.info\/pt\/wp-json\/wp\/v2\/comments?post=785"}],"version-history":[{"count":0,"href":"https:\/\/atomylatino.info\/pt\/wp-json\/wp\/v2\/pages\/785\/revisions"}],"wp:attachment":[{"href":"https:\/\/atomylatino.info\/pt\/wp-json\/wp\/v2\/media?parent=785"}],"curies":[{"name":"wp","href":"https:\/\/api.w.org\/{rel}","templated":true}]}}